{"id":994,"date":"2025-07-21T21:43:52","date_gmt":"2025-07-22T04:43:52","guid":{"rendered":"https:\/\/deistaging1.wpenginepowered.com\/?page_id=994"},"modified":"2025-09-30T12:20:29","modified_gmt":"2025-09-30T19:20:29","slug":"mobile-hives","status":"publish","type":"page","link":"https:\/\/theidia.org\/es\/services\/mobile-hives\/","title":{"rendered":"Colmenas m\u00f3viles"},"content":{"rendered":"<div data-elementor-type=\"wp-page\" data-elementor-id=\"994\" class=\"elementor elementor-994\" data-elementor-post-type=\"page\">\n\t\t\t\t<div class=\"elementor-element elementor-element-8c65125 e-flex e-con-boxed e-con e-parent\" data-id=\"8c65125\" data-element_type=\"container\" data-e-type=\"container\" data-settings=\"{&quot;background_background&quot;:&quot;classic&quot;}\">\n\t\t\t\t\t<div class=\"e-con-inner\">\n\t\t<div class=\"elementor-element elementor-element-e0a2522 e-con-full e-flex e-con e-child\" data-id=\"e0a2522\" data-element_type=\"container\" data-e-type=\"container\">\n\t\t\t\t<div class=\"elementor-element elementor-element-30df82b elementor-invisible elementor-widget elementor-widget-heading\" data-id=\"30df82b\" data-element_type=\"widget\" data-e-type=\"widget\" data-settings=\"{&quot;_animation&quot;:&quot;fadeIn&quot;}\" data-widget_type=\"heading.default\">\n\t\t\t\t<div class=\"elementor-widget-container\">\n\t\t\t\t\t<h1 class=\"elementor-heading-title elementor-size-default\">NUESTRO TRABAJO<\/h1>\t\t\t\t<\/div>\n\t\t\t\t<\/div>\n\t\t\t\t<div class=\"elementor-element elementor-element-db4d401 elementor-widget__width-initial elementor-invisible elementor-widget elementor-widget-heading\" data-id=\"db4d401\" data-element_type=\"widget\" data-e-type=\"widget\" data-settings=\"{&quot;_animation&quot;:&quot;fadeIn&quot;}\" data-widget_type=\"heading.default\">\n\t\t\t\t<div class=\"elementor-widget-container\">\n\t\t\t\t\t<h1 class=\"elementor-heading-title elementor-size-default\">Colmenas m\u00f3viles<\/h1>\t\t\t\t<\/div>\n\t\t\t\t<\/div>\n\t\t\t\t<\/div>\n\t\t<div class=\"elementor-element elementor-element-6e04870 e-con-full e-flex e-con e-child\" data-id=\"6e04870\" data-element_type=\"container\" data-e-type=\"container\" data-settings=\"{&quot;background_background&quot;:&quot;classic&quot;}\">\n\t\t\t\t<div class=\"elementor-element elementor-element-26fb6d2 elementor-widget__width-initial elementor-invisible elementor-widget elementor-widget-text-editor\" data-id=\"26fb6d2\" data-element_type=\"widget\" data-e-type=\"widget\" data-settings=\"{&quot;_animation&quot;:&quot;fadeIn&quot;,&quot;_animation_delay&quot;:100,&quot;_animation_mobile&quot;:&quot;none&quot;}\" data-widget_type=\"text-editor.default\">\n\t\t\t\t<div class=\"elementor-widget-container\">\n\t\t\t\t\t\t\t\t\t<strong>Las colmenas son espacios seguros y acogedores donde se despierta el asombro, donde las personas pueden explorar la tecnolog\u00eda, acceder a capacitaci\u00f3n y ganar comodidad y confianza al estar en l\u00ednea.<\/strong>\t\t\t\t\t\t\t\t<\/div>\n\t\t\t\t<\/div>\n\t\t\t\t<\/div>\n\t\t\t\t\t<\/div>\n\t\t\t\t<\/div>\n\t\t<div class=\"elementor-element elementor-element-c975d91 e-flex e-con-boxed e-con e-parent\" data-id=\"c975d91\" data-element_type=\"container\" data-e-type=\"container\" data-settings=\"{&quot;background_background&quot;:&quot;classic&quot;}\">\n\t\t\t\t\t<div class=\"e-con-inner\">\n\t\t\t\t<div class=\"elementor-element elementor-element-49aac31 elementor-widget elementor-widget-image-carousel\" data-id=\"49aac31\" data-element_type=\"widget\" data-e-type=\"widget\" data-settings=\"{&quot;slides_to_show&quot;:&quot;4&quot;,&quot;slides_to_scroll_tablet&quot;:&quot;3&quot;,&quot;navigation&quot;:&quot;none&quot;,&quot;slides_to_scroll&quot;:&quot;1&quot;,&quot;image_spacing_custom&quot;:{&quot;unit&quot;:&quot;px&quot;,&quot;size&quot;:0,&quot;sizes&quot;:[]},&quot;slides_to_show_tablet&quot;:&quot;3&quot;,&quot;autoplay&quot;:&quot;yes&quot;,&quot;pause_on_hover&quot;:&quot;yes&quot;,&quot;pause_on_interaction&quot;:&quot;yes&quot;,&quot;autoplay_speed&quot;:5000,&quot;infinite&quot;:&quot;yes&quot;,&quot;speed&quot;:500,&quot;image_spacing_custom_tablet&quot;:{&quot;unit&quot;:&quot;px&quot;,&quot;size&quot;:&quot;&quot;,&quot;sizes&quot;:[]},&quot;image_spacing_custom_mobile&quot;:{&quot;unit&quot;:&quot;px&quot;,&quot;size&quot;:&quot;&quot;,&quot;sizes&quot;:[]}}\" data-widget_type=\"image-carousel.default\">\n\t\t\t\t<div class=\"elementor-widget-container\">\n\t\t\t\t\t\t\t<div class=\"elementor-image-carousel-wrapper swiper\" role=\"region\" aria-roledescription=\"carousel\" aria-label=\"Carrusel de im\u00e1genes\" dir=\"ltr\">\n\t\t\t<div class=\"elementor-image-carousel swiper-wrapper swiper-image-stretch\" aria-live=\"off\">\n\t\t\t\t\t\t\t\t<div class=\"swiper-slide\" role=\"group\" aria-roledescription=\"slide\" aria-label=\"1 de 10\"><a data-elementor-open-lightbox=\"yes\" data-elementor-lightbox-slideshow=\"49aac31\" data-elementor-lightbox-title=\"Mobile Hive 0\" data-e-action-hash=\"#elementor-action%3Aaction%3Dlightbox%26settings%3DeyJpZCI6OTk1LCJ1cmwiOiJodHRwczpcL1wvdGhlaWRpYS5vcmdcL3dwLWNvbnRlbnRcL3VwbG9hZHNcLzIwMjVcLzA3XC9Nb2JpbGUtSGl2ZS0wLnBuZyIsInNsaWRlc2hvdyI6IjQ5YWFjMzEifQ%3D%3D\" href=\"https:\/\/theidia.org\/wp-content\/uploads\/2025\/07\/Mobile-Hive-0.png\"><figure class=\"swiper-slide-inner\"><img decoding=\"async\" class=\"swiper-slide-image\" src=\"https:\/\/theidia.org\/wp-content\/uploads\/2025\/07\/Mobile-Hive-0-600x600.png\" alt=\"Mobile Hive 0\" \/><\/figure><\/a><\/div><div class=\"swiper-slide\" role=\"group\" aria-roledescription=\"slide\" aria-label=\"2 de 10\"><a data-elementor-open-lightbox=\"yes\" data-elementor-lightbox-slideshow=\"49aac31\" data-elementor-lightbox-title=\"Mobile Hive 1\" data-e-action-hash=\"#elementor-action%3Aaction%3Dlightbox%26settings%3DeyJpZCI6OTk2LCJ1cmwiOiJodHRwczpcL1wvdGhlaWRpYS5vcmdcL3dwLWNvbnRlbnRcL3VwbG9hZHNcLzIwMjVcLzA3XC9Nb2JpbGUtSGl2ZS0xLnBuZyIsInNsaWRlc2hvdyI6IjQ5YWFjMzEifQ%3D%3D\" href=\"https:\/\/theidia.org\/wp-content\/uploads\/2025\/07\/Mobile-Hive-1.png\"><figure class=\"swiper-slide-inner\"><img decoding=\"async\" class=\"swiper-slide-image\" src=\"https:\/\/theidia.org\/wp-content\/uploads\/2025\/07\/Mobile-Hive-1-600x600.png\" alt=\"Mobile Hive 1\" \/><\/figure><\/a><\/div><div class=\"swiper-slide\" role=\"group\" aria-roledescription=\"slide\" aria-label=\"3 de 10\"><a data-elementor-open-lightbox=\"yes\" data-elementor-lightbox-slideshow=\"49aac31\" data-elementor-lightbox-title=\"Mobile Hive 2\" data-e-action-hash=\"#elementor-action%3Aaction%3Dlightbox%26settings%3DeyJpZCI6OTk3LCJ1cmwiOiJodHRwczpcL1wvdGhlaWRpYS5vcmdcL3dwLWNvbnRlbnRcL3VwbG9hZHNcLzIwMjVcLzA3XC9Nb2JpbGUtSGl2ZS0yLXNjYWxlZC5qcGciLCJzbGlkZXNob3ciOiI0OWFhYzMxIn0%3D\" href=\"https:\/\/theidia.org\/wp-content\/uploads\/2025\/07\/Mobile-Hive-2-scaled.jpg\"><figure class=\"swiper-slide-inner\"><img decoding=\"async\" class=\"swiper-slide-image\" src=\"https:\/\/theidia.org\/wp-content\/uploads\/2025\/07\/Mobile-Hive-2-600x600.jpg\" alt=\"Mobile Hive 2\" \/><\/figure><\/a><\/div><div class=\"swiper-slide\" role=\"group\" aria-roledescription=\"slide\" aria-label=\"4 de 10\"><a data-elementor-open-lightbox=\"yes\" data-elementor-lightbox-slideshow=\"49aac31\" data-elementor-lightbox-title=\"Mobile Hive 3\" data-e-action-hash=\"#elementor-action%3Aaction%3Dlightbox%26settings%3DeyJpZCI6OTk4LCJ1cmwiOiJodHRwczpcL1wvdGhlaWRpYS5vcmdcL3dwLWNvbnRlbnRcL3VwbG9hZHNcLzIwMjVcLzA3XC9Nb2JpbGUtSGl2ZS0zLXNjYWxlZC5qcGciLCJzbGlkZXNob3ciOiI0OWFhYzMxIn0%3D\" href=\"https:\/\/theidia.org\/wp-content\/uploads\/2025\/07\/Mobile-Hive-3-scaled.jpg\"><figure class=\"swiper-slide-inner\"><img decoding=\"async\" class=\"swiper-slide-image\" src=\"https:\/\/theidia.org\/wp-content\/uploads\/2025\/07\/Mobile-Hive-3-600x600.jpg\" alt=\"Mobile Hive 3\" \/><\/figure><\/a><\/div><div class=\"swiper-slide\" role=\"group\" aria-roledescription=\"slide\" aria-label=\"5 de 10\"><a data-elementor-open-lightbox=\"yes\" data-elementor-lightbox-slideshow=\"49aac31\" data-elementor-lightbox-title=\"Mobile Hive 4\" data-e-action-hash=\"#elementor-action%3Aaction%3Dlightbox%26settings%3DeyJpZCI6OTk5LCJ1cmwiOiJodHRwczpcL1wvdGhlaWRpYS5vcmdcL3dwLWNvbnRlbnRcL3VwbG9hZHNcLzIwMjVcLzA3XC9Nb2JpbGUtSGl2ZS00LXNjYWxlZC5qcGciLCJzbGlkZXNob3ciOiI0OWFhYzMxIn0%3D\" href=\"https:\/\/theidia.org\/wp-content\/uploads\/2025\/07\/Mobile-Hive-4-scaled.jpg\"><figure class=\"swiper-slide-inner\"><img decoding=\"async\" class=\"swiper-slide-image\" src=\"https:\/\/theidia.org\/wp-content\/uploads\/2025\/07\/Mobile-Hive-4-600x600.jpg\" alt=\"Mobile Hive 4\" \/><\/figure><\/a><\/div><div class=\"swiper-slide\" role=\"group\" aria-roledescription=\"slide\" aria-label=\"6 de 10\"><a data-elementor-open-lightbox=\"yes\" data-elementor-lightbox-slideshow=\"49aac31\" data-elementor-lightbox-title=\"Mobile Hive 5\" data-e-action-hash=\"#elementor-action%3Aaction%3Dlightbox%26settings%3DeyJpZCI6MTAwMCwidXJsIjoiaHR0cHM6XC9cL3RoZWlkaWEub3JnXC93cC1jb250ZW50XC91cGxvYWRzXC8yMDI1XC8wN1wvTW9iaWxlLUhpdmUtNS1zY2FsZWQuanBnIiwic2xpZGVzaG93IjoiNDlhYWMzMSJ9\" href=\"https:\/\/theidia.org\/wp-content\/uploads\/2025\/07\/Mobile-Hive-5-scaled.jpg\"><figure class=\"swiper-slide-inner\"><img decoding=\"async\" class=\"swiper-slide-image\" src=\"https:\/\/theidia.org\/wp-content\/uploads\/2025\/07\/Mobile-Hive-5-600x600.jpg\" alt=\"Mobile Hive 5\" \/><\/figure><\/a><\/div><div class=\"swiper-slide\" role=\"group\" aria-roledescription=\"slide\" aria-label=\"7 de 10\"><a data-elementor-open-lightbox=\"yes\" data-elementor-lightbox-slideshow=\"49aac31\" data-elementor-lightbox-title=\"Mobile Hive 6\" data-e-action-hash=\"#elementor-action%3Aaction%3Dlightbox%26settings%3DeyJpZCI6MTAwMSwidXJsIjoiaHR0cHM6XC9cL3RoZWlkaWEub3JnXC93cC1jb250ZW50XC91cGxvYWRzXC8yMDI1XC8wN1wvTW9iaWxlLUhpdmUtNi5wbmciLCJzbGlkZXNob3ciOiI0OWFhYzMxIn0%3D\" href=\"https:\/\/theidia.org\/wp-content\/uploads\/2025\/07\/Mobile-Hive-6.png\"><figure class=\"swiper-slide-inner\"><img decoding=\"async\" class=\"swiper-slide-image\" src=\"https:\/\/theidia.org\/wp-content\/uploads\/2025\/07\/Mobile-Hive-6-600x600.png\" alt=\"Mobile Hive 6\" \/><\/figure><\/a><\/div><div class=\"swiper-slide\" role=\"group\" aria-roledescription=\"slide\" aria-label=\"8 de 10\"><a data-elementor-open-lightbox=\"yes\" data-elementor-lightbox-slideshow=\"49aac31\" data-elementor-lightbox-title=\"Mobile Hive 7\" data-e-action-hash=\"#elementor-action%3Aaction%3Dlightbox%26settings%3DeyJpZCI6MTAwMiwidXJsIjoiaHR0cHM6XC9cL3RoZWlkaWEub3JnXC93cC1jb250ZW50XC91cGxvYWRzXC8yMDI1XC8wN1wvTW9iaWxlLUhpdmUtNy5wbmciLCJzbGlkZXNob3ciOiI0OWFhYzMxIn0%3D\" href=\"https:\/\/theidia.org\/wp-content\/uploads\/2025\/07\/Mobile-Hive-7.png\"><figure class=\"swiper-slide-inner\"><img decoding=\"async\" class=\"swiper-slide-image\" src=\"https:\/\/theidia.org\/wp-content\/uploads\/2025\/07\/Mobile-Hive-7-600x600.png\" alt=\"Mobile Hive 7\" \/><\/figure><\/a><\/div><div class=\"swiper-slide\" role=\"group\" aria-roledescription=\"slide\" aria-label=\"9 de cada 10\"><a data-elementor-open-lightbox=\"yes\" data-elementor-lightbox-slideshow=\"49aac31\" data-elementor-lightbox-title=\"Mobile Hive 8\" data-e-action-hash=\"#elementor-action%3Aaction%3Dlightbox%26settings%3DeyJpZCI6MTAwMywidXJsIjoiaHR0cHM6XC9cL3RoZWlkaWEub3JnXC93cC1jb250ZW50XC91cGxvYWRzXC8yMDI1XC8wN1wvTW9iaWxlLUhpdmUtOC5qcGciLCJzbGlkZXNob3ciOiI0OWFhYzMxIn0%3D\" href=\"https:\/\/theidia.org\/wp-content\/uploads\/2025\/07\/Mobile-Hive-8.jpg\"><figure class=\"swiper-slide-inner\"><img decoding=\"async\" class=\"swiper-slide-image\" src=\"https:\/\/theidia.org\/wp-content\/uploads\/2025\/07\/Mobile-Hive-8-600x600.jpg\" alt=\"Mobile Hive 8\" \/><\/figure><\/a><\/div><div class=\"swiper-slide\" role=\"group\" aria-roledescription=\"slide\" aria-label=\"10 de 10\"><a data-elementor-open-lightbox=\"yes\" data-elementor-lightbox-slideshow=\"49aac31\" data-elementor-lightbox-title=\"Mobile Hive 9\" data-e-action-hash=\"#elementor-action%3Aaction%3Dlightbox%26settings%3DeyJpZCI6MTAwNCwidXJsIjoiaHR0cHM6XC9cL3RoZWlkaWEub3JnXC93cC1jb250ZW50XC91cGxvYWRzXC8yMDI1XC8wN1wvTW9iaWxlLUhpdmUtOS1zY2FsZWQucG5nIiwic2xpZGVzaG93IjoiNDlhYWMzMSJ9\" href=\"https:\/\/theidia.org\/wp-content\/uploads\/2025\/07\/Mobile-Hive-9-scaled.png\"><figure class=\"swiper-slide-inner\"><img decoding=\"async\" class=\"swiper-slide-image\" src=\"https:\/\/theidia.org\/wp-content\/uploads\/2025\/07\/Mobile-Hive-9-600x600.png\" alt=\"Mobile Hive 9\" \/><\/figure><\/a><\/div>\t\t\t<\/div>\n\t\t\t\t\t\t\t\n\t\t\t\t\t\t\t\t\t<\/div>\n\t\t\t\t\t\t<\/div>\n\t\t\t\t<\/div>\n\t\t\t\t\t<\/div>\n\t\t\t\t<\/div>\n\t\t<div class=\"elementor-element elementor-element-52b424b e-flex e-con-boxed e-con e-parent\" data-id=\"52b424b\" data-element_type=\"container\" data-e-type=\"container\" data-settings=\"{&quot;background_background&quot;:&quot;classic&quot;}\">\n\t\t\t\t\t<div class=\"e-con-inner\">\n\t\t<div class=\"elementor-element elementor-element-5c3ce50 e-con-full e-flex e-con e-child\" data-id=\"5c3ce50\" data-element_type=\"container\" data-e-type=\"container\">\n\t\t\t\t<div class=\"elementor-element elementor-element-86c37f5 elementor-widget elementor-widget-text-editor\" data-id=\"86c37f5\" data-element_type=\"widget\" data-e-type=\"widget\" data-widget_type=\"text-editor.default\">\n\t\t\t\t<div class=\"elementor-widget-container\">\n\t\t\t\t\t\t\t\t\t<p>El veh\u00edculo m\u00e1s innovador de Arizona no es un autom\u00f3vil aut\u00f3nomo: son los Mobile Hives de IDIA, grandes potencias de servicio p\u00fablico sobre ruedas.<\/p><p>Mobile Hives son centros de capacitaci\u00f3n de habilidades habilitados con WiFi y dise\u00f1ados para reducir la brecha digital de una comunidad a la vez.\u00a0<span style=\"color: var( --e-global-color-text ); font-family: var( --e-global-typography-text-font-family ), Sans-serif; font-size: var( --e-global-typography-text-font-size ); font-style: var( --e-global-typography-text-font-style ); font-weight: var( --e-global-typography-text-font-weight ); letter-spacing: var( --e-global-typography-text-letter-spacing ); text-transform: var( --e-global-typography-text-text-transform ); word-spacing: var( --e-global-typography-text-word-spacing ); text-align: var(--text-align); background-color: var( --e-global-color-secondary );\">Este centro de innovaci\u00f3n m\u00f3vil se transforma en un aula emergente, un centro de desarrollo de la fuerza laboral y un espacio de reuni\u00f3n comunitaria.\u00a0<\/span><\/p><p><span style=\"color: var( --e-global-color-text ); font-family: var( --e-global-typography-text-font-family ), Sans-serif; font-size: var( --e-global-typography-text-font-size ); font-style: var( --e-global-typography-text-font-style ); font-weight: var( --e-global-typography-text-font-weight ); letter-spacing: var( --e-global-typography-text-letter-spacing ); text-transform: var( --e-global-typography-text-text-transform ); word-spacing: var( --e-global-typography-text-word-spacing ); text-align: var(--text-align); background-color: var( --e-global-color-secondary );\">Equipados con Internet de alta velocidad, herramientas tecnol\u00f3gicas de \u00faltima generaci\u00f3n y los Navegadores Digitales de IDIA, brindan acceso digital y capacitaci\u00f3n en habilidades directamente a las comunidades.<\/span><\/p>\t\t\t\t\t\t\t\t<\/div>\n\t\t\t\t<\/div>\n\t\t\t\t<div class=\"elementor-element elementor-element-ee02496 elementor-align-justify elementor-mobile-align-justify elementor-tablet-align-left elementor-widget__width-initial elementor-widget-mobile__width-inherit elementor-widget elementor-widget-button\" data-id=\"ee02496\" data-element_type=\"widget\" data-e-type=\"widget\" data-widget_type=\"button.default\">\n\t\t\t\t<div class=\"elementor-widget-container\">\n\t\t\t\t\t\t\t\t\t<div class=\"elementor-button-wrapper\">\n\t\t\t\t\t<a class=\"elementor-button elementor-button-link elementor-size-sm elementor-animation-grow\" href=\"https:\/\/docs.google.com\/forms\/d\/e\/1FAIpQLScNoEELEr6yLqqJn-Gkc0IZxtgn-huscbKPFnmRMtUb_3VyMw\/viewform\" target=\"_blank\" rel=\"nofollow noopener\">\n\t\t\t\t\t\t<span class=\"elementor-button-content-wrapper\">\n\t\t\t\t\t\t\t\t\t<span class=\"elementor-button-text\">Enviar una solicitud a IDIA<\/span>\n\t\t\t\t\t<\/span>\n\t\t\t\t\t<\/a>\n\t\t\t\t<\/div>\n\t\t\t\t\t\t\t\t<\/div>\n\t\t\t\t<\/div>\n\t\t\t\t<\/div>\n\t\t<div class=\"elementor-element elementor-element-0d12688 e-con-full e-flex e-con e-child\" data-id=\"0d12688\" data-element_type=\"container\" data-e-type=\"container\">\n\t\t\t\t<div class=\"elementor-element elementor-element-3ccc233 elementor-widget elementor-widget-heading\" data-id=\"3ccc233\" data-element_type=\"widget\" data-e-type=\"widget\" data-widget_type=\"heading.default\">\n\t\t\t\t<div class=\"elementor-widget-container\">\n\t\t\t\t\t<h3 class=\"elementor-heading-title elementor-size-default\">Qu\u00e9 esperar\n<\/h3>\t\t\t\t<\/div>\n\t\t\t\t<\/div>\n\t\t\t\t<div class=\"elementor-element elementor-element-cb7bf67 elementor-widget elementor-widget-text-editor\" data-id=\"cb7bf67\" data-element_type=\"widget\" data-e-type=\"widget\" data-widget_type=\"text-editor.default\">\n\t\t\t\t<div class=\"elementor-widget-container\">\n\t\t\t\t\t\t\t\t\t<ul><li><strong>Innovaci\u00f3n en movimiento:<\/strong> Las Mobile Hives combinan un laboratorio tecnol\u00f3gico con la versatilidad de un autob\u00fas tur\u00edstico, llevando soluciones digitales innovadoras a \u00e1reas desatendidas.<\/li><li><strong>Impacto en la comunidad:<\/strong> No se trata s\u00f3lo de tecnolog\u00eda; se trata de proporcionar a las comunidades las habilidades y los recursos necesarios para tener \u00e9xito en un mundo digital.<\/li><li><strong>Asociaci\u00f3n y colaboraci\u00f3n:<\/strong> \u00danase a nosotros para reducir la brecha digital y fomentar una sociedad m\u00e1s inclusiva y conectada.<\/li><\/ul><p>\u00a0<\/p><p>Ya sea que est\u00e9 interesado en obtener m\u00e1s informaci\u00f3n o quiera ver Mobile Hives en acci\u00f3n, explore c\u00f3mo IDIA est\u00e1 redefiniendo el acceso a la tecnolog\u00eda y dando forma al futuro de la inclusi\u00f3n digital.<\/p>\t\t\t\t\t\t\t\t<\/div>\n\t\t\t\t<\/div>\n\t\t\t\t<div class=\"elementor-element elementor-element-1f3b778 elementor-align-justify elementor-mobile-align-justify elementor-tablet-align-left elementor-widget__width-initial elementor-widget-mobile__width-inherit elementor-widget elementor-widget-button\" data-id=\"1f3b778\" data-element_type=\"widget\" data-e-type=\"widget\" data-widget_type=\"button.default\">\n\t\t\t\t<div class=\"elementor-widget-container\">\n\t\t\t\t\t\t\t\t\t<div class=\"elementor-button-wrapper\">\n\t\t\t\t\t<a class=\"elementor-button elementor-button-link elementor-size-sm elementor-animation-grow\" href=\"https:\/\/theidia.org\/es\/the-mobile-hive-rolling-out-digital-access-and-skills-across-arizona\/\">\n\t\t\t\t\t\t<span class=\"elementor-button-content-wrapper\">\n\t\t\t\t\t\t\t\t\t<span class=\"elementor-button-text\">Leer m\u00e1s<\/span>\n\t\t\t\t\t<\/span>\n\t\t\t\t\t<\/a>\n\t\t\t\t<\/div>\n\t\t\t\t\t\t\t\t<\/div>\n\t\t\t\t<\/div>\n\t\t\t\t<\/div>\n\t\t\t\t\t<\/div>\n\t\t\t\t<\/div>\n\t\t\t\t<\/div>","protected":false},"excerpt":{"rendered":"<p>OUR WORK Mobile hiveS Hives are safe and welcoming spaces where wonder is sparked, where people can explore tech, access training, and gain comfort and confidence being online. Arizona\u2019s most innovative vehicle isn\u2019t a self-driving car\u2014it\u2019s IDIA\u2019s Mobile Hives, public service powerhouses on wheels. Mobile Hives are WiFi-enabled, skills-training hubs designed to bridge the digital [&hellip;]<\/p>\n","protected":false},"author":5,"featured_media":0,"parent":23,"menu_order":0,"comment_status":"closed","ping_status":"closed","template":"","meta":{"footnotes":""},"class_list":["post-994","page","type-page","status-publish","hentry"],"featured_image_src":null,"featured_image_src_square":null,"_links":{"self":[{"href":"https:\/\/theidia.org\/es\/wp-json\/wp\/v2\/pages\/994","targetHints":{"allow":["GET"]}}],"collection":[{"href":"https:\/\/theidia.org\/es\/wp-json\/wp\/v2\/pages"}],"about":[{"href":"https:\/\/theidia.org\/es\/wp-json\/wp\/v2\/types\/page"}],"author":[{"embeddable":true,"href":"https:\/\/theidia.org\/es\/wp-json\/wp\/v2\/users\/5"}],"replies":[{"embeddable":true,"href":"https:\/\/theidia.org\/es\/wp-json\/wp\/v2\/comments?post=994"}],"version-history":[{"count":0,"href":"https:\/\/theidia.org\/es\/wp-json\/wp\/v2\/pages\/994\/revisions"}],"up":[{"embeddable":true,"href":"https:\/\/theidia.org\/es\/wp-json\/wp\/v2\/pages\/23"}],"wp:attachment":[{"href":"https:\/\/theidia.org\/es\/wp-json\/wp\/v2\/media?parent=994"}],"curies":[{"name":"wp","href":"https:\/\/api.w.org\/{rel}","templated":true}]}}