{"id":701,"date":"2024-06-28T13:29:22","date_gmt":"2024-06-28T13:29:22","guid":{"rendered":"https:\/\/deistaging1.wpenginepowered.com\/?page_id=701"},"modified":"2025-09-19T09:44:53","modified_gmt":"2025-09-19T16:44:53","slug":"telehealth","status":"publish","type":"page","link":"https:\/\/theidia.org\/es\/services\/telehealth\/","title":{"rendered":"Telesalud"},"content":{"rendered":"<div data-elementor-type=\"wp-page\" data-elementor-id=\"701\" class=\"elementor elementor-701\" data-elementor-post-type=\"page\">\n\t\t\t\t<div class=\"elementor-element elementor-element-64b2739 e-grid e-con-full e-con e-parent\" data-id=\"64b2739\" data-element_type=\"container\" data-e-type=\"container\" data-settings=\"{&quot;background_background&quot;:&quot;classic&quot;}\">\n\t\t<div class=\"elementor-element elementor-element-b7deca6 e-con-full e-flex e-con e-child\" data-id=\"b7deca6\" data-element_type=\"container\" data-e-type=\"container\" data-settings=\"{&quot;background_background&quot;:&quot;classic&quot;}\">\n\t\t\t\t<div class=\"elementor-element elementor-element-19de84f elementor-widget__width-inherit elementor-widget-tablet__width-inherit elementor-invisible elementor-widget elementor-widget-heading\" data-id=\"19de84f\" data-element_type=\"widget\" data-e-type=\"widget\" data-settings=\"{&quot;_animation&quot;:&quot;fadeIn&quot;}\" data-widget_type=\"heading.default\">\n\t\t\t\t<div class=\"elementor-widget-container\">\n\t\t\t\t\t<h1 class=\"elementor-heading-title elementor-size-default\">ACCESO A LA TELECOMUNICACI\u00d3N<\/h1>\t\t\t\t<\/div>\n\t\t\t\t<\/div>\n\t\t\t\t<div class=\"elementor-element elementor-element-d53a914 elementor-widget__width-inherit elementor-widget-tablet__width-initial elementor-widget elementor-widget-text-editor\" data-id=\"d53a914\" data-element_type=\"widget\" data-e-type=\"widget\" data-settings=\"{&quot;_animation&quot;:&quot;none&quot;,&quot;_animation_delay&quot;:200}\" data-widget_type=\"text-editor.default\">\n\t\t\t\t<div class=\"elementor-widget-container\">\n\t\t\t\t\t\t\t\t\t<p><strong>AMPLIANDO EL ACCESO A LA ATENCI\u00d3N M\u00c9DICA A TRAV\u00c9S DE LA TELESALUD<\/strong><\/p>\t\t\t\t\t\t\t\t<\/div>\n\t\t\t\t<\/div>\n\t\t\t\t<div class=\"elementor-element elementor-element-54cc932 elementor-widget__width-initial elementor-widget elementor-widget-text-editor\" data-id=\"54cc932\" data-element_type=\"widget\" data-e-type=\"widget\" data-widget_type=\"text-editor.default\">\n\t\t\t\t<div class=\"elementor-widget-container\">\n\t\t\t\t\t\t\t\t\t<p>La telesalud facilita y abarata la atenci\u00f3n m\u00e9dica al permitir que los pacientes se comuniquen con sus profesionales de la salud a distancia. Esto es especialmente importante en comunidades con acceso limitado a transporte e instalaciones m\u00e9dicas.<\/p>\t\t\t\t\t\t\t\t<\/div>\n\t\t\t\t<\/div>\n\t\t\t\t<\/div>\n\t\t\t\t<div class=\"elementor-element elementor-element-efae58d elementor-widget elementor-widget-image\" data-id=\"efae58d\" data-element_type=\"widget\" data-e-type=\"widget\" data-widget_type=\"image.default\">\n\t\t\t\t<div class=\"elementor-widget-container\">\n\t\t\t\t\t\t\t\t\t\t\t\t\t\t\t<img fetchpriority=\"high\" decoding=\"async\" width=\"800\" height=\"533\" src=\"https:\/\/theidia.org\/wp-content\/uploads\/2024\/10\/telehealth-1024x682.jpg\" class=\"attachment-large size-large wp-image-855\" alt=\"Hive telehealth\" srcset=\"https:\/\/theidia.org\/wp-content\/uploads\/2024\/10\/telehealth-1024x682.jpg 1024w, https:\/\/theidia.org\/wp-content\/uploads\/2024\/10\/telehealth-300x200.jpg 300w, https:\/\/theidia.org\/wp-content\/uploads\/2024\/10\/telehealth-768x512.jpg 768w, https:\/\/theidia.org\/wp-content\/uploads\/2024\/10\/telehealth-1536x1023.jpg 1536w, https:\/\/theidia.org\/wp-content\/uploads\/2024\/10\/telehealth-18x12.jpg 18w, https:\/\/theidia.org\/wp-content\/uploads\/2024\/10\/telehealth-600x400.jpg 600w, https:\/\/theidia.org\/wp-content\/uploads\/2024\/10\/telehealth.jpg 1600w\" sizes=\"(max-width: 800px) 100vw, 800px\" \/>\t\t\t\t\t\t\t\t\t\t\t\t\t\t\t<\/div>\n\t\t\t\t<\/div>\n\t\t\t\t<\/div>\n\t\t<div class=\"elementor-element elementor-element-aa57dd5 e-grid e-con-full e-con e-parent\" data-id=\"aa57dd5\" data-element_type=\"container\" data-e-type=\"container\" data-settings=\"{&quot;background_background&quot;:&quot;classic&quot;}\">\n\t\t\t\t<div class=\"elementor-element elementor-element-659ad6d elementor-widget elementor-widget-image\" data-id=\"659ad6d\" data-element_type=\"widget\" data-e-type=\"widget\" data-widget_type=\"image.default\">\n\t\t\t\t<div class=\"elementor-widget-container\">\n\t\t\t\t\t\t\t\t\t\t\t\t\t\t\t<img decoding=\"async\" width=\"768\" height=\"756\" src=\"https:\/\/theidia.org\/wp-content\/uploads\/2024\/10\/Device-Distributions-e1730403491998-768x756.jpg\" class=\"attachment-medium_large size-medium_large wp-image-841\" alt=\"\" srcset=\"https:\/\/theidia.org\/wp-content\/uploads\/2024\/10\/Device-Distributions-e1730403491998-768x756.jpg 768w, https:\/\/theidia.org\/wp-content\/uploads\/2024\/10\/Device-Distributions-e1730403491998-300x295.jpg 300w, https:\/\/theidia.org\/wp-content\/uploads\/2024\/10\/Device-Distributions-e1730403491998-1024x1008.jpg 1024w, https:\/\/theidia.org\/wp-content\/uploads\/2024\/10\/Device-Distributions-e1730403491998-12x12.jpg 12w, https:\/\/theidia.org\/wp-content\/uploads\/2024\/10\/Device-Distributions-e1730403491998.jpg 1200w\" sizes=\"(max-width: 768px) 100vw, 768px\" \/>\t\t\t\t\t\t\t\t\t\t\t\t\t\t\t<\/div>\n\t\t\t\t<\/div>\n\t\t<div class=\"elementor-element elementor-element-6c168d4 e-con-full e-flex e-con e-child\" data-id=\"6c168d4\" data-element_type=\"container\" data-e-type=\"container\" data-settings=\"{&quot;background_background&quot;:&quot;classic&quot;}\">\n\t\t\t\t<div class=\"elementor-element elementor-element-49ee287 elementor-widget__width-initial elementor-widget-mobile__width-inherit elementor-widget elementor-widget-text-editor\" data-id=\"49ee287\" data-element_type=\"widget\" data-e-type=\"widget\" data-widget_type=\"text-editor.default\">\n\t\t\t\t<div class=\"elementor-widget-container\">\n\t\t\t\t\t\t\t\t\t<p>Las personas pueden acceder a la telesalud en cada Hive y en Mobile Hive, conect\u00e1ndose con proveedores de atenci\u00f3n m\u00e9dica en un entorno privado y de apoyo. <strong>Los navegadores de salud digital de IDIA brindan apoyo personalizado para ayudar a las personas a administrar con confianza su atenci\u00f3n m\u00e9dica en l\u00ednea.<\/strong><\/p>\t\t\t\t\t\t\t\t<\/div>\n\t\t\t\t<\/div>\n\t\t\t\t<div class=\"elementor-element elementor-element-c6aa93a elementor-widget__width-initial elementor-widget elementor-widget-text-editor\" data-id=\"c6aa93a\" data-element_type=\"widget\" data-e-type=\"widget\" data-widget_type=\"text-editor.default\">\n\t\t\t\t<div class=\"elementor-widget-container\">\n\t\t\t\t\t\t\t\t\t<h4><strong>Por qu\u00e9 es importante la telesalud:<\/strong><\/h4><ul><li style=\"font-weight: 400;\" aria-level=\"1\"><b>Elimina barreras<\/b><span style=\"font-weight: 400;\"> \u2013 Elimina la necesidad de viajar, haciendo que la atenci\u00f3n est\u00e9 disponible para todos, sin importar la ubicaci\u00f3n.<\/span><\/li><li style=\"font-weight: 400;\" aria-level=\"1\"><b>Mejora la atenci\u00f3n continua<\/b><span style=\"font-weight: 400;\"> \u2013 Apoya el manejo de enfermedades cr\u00f3nicas y salud mental con controles constantes.<\/span><\/li><li style=\"font-weight: 400;\" aria-level=\"1\"><b>Mejora la salud p\u00fablica<\/b><span style=\"font-weight: 400;\"> \u2013 Reduce la propagaci\u00f3n de enfermedades infecciosas al limitar las visitas en persona<\/span><\/li><li style=\"font-weight: 400;\" aria-level=\"1\"><b>Reduce costos<\/b><span style=\"font-weight: 400;\">s \u2013 Reduce los reingresos hospitalarios y las visitas a urgencias<\/span><\/li><\/ul>\t\t\t\t\t\t\t\t<\/div>\n\t\t\t\t<\/div>\n\t\t\t\t<\/div>\n\t\t\t\t<\/div>\n\t\t<div class=\"elementor-element elementor-element-782b233 e-flex e-con-boxed e-con e-parent\" data-id=\"782b233\" data-element_type=\"container\" data-e-type=\"container\" data-settings=\"{&quot;background_background&quot;:&quot;classic&quot;}\">\n\t\t\t\t\t<div class=\"e-con-inner\">\n\t\t\t\t<div class=\"elementor-element elementor-element-a4b252a elementor-invisible elementor-widget elementor-widget-heading\" data-id=\"a4b252a\" data-element_type=\"widget\" data-e-type=\"widget\" data-settings=\"{&quot;_animation&quot;:&quot;fadeIn&quot;}\" data-widget_type=\"heading.default\">\n\t\t\t\t<div class=\"elementor-widget-container\">\n\t\t\t\t\t<h2 class=\"elementor-heading-title elementor-size-default\">\u00bfNECESITA NAVEGADORES DIGITALES, ACCESO A TELESALUD O KITS DE ESCRITORIO PARA SU COMUNIDAD?<\/h2>\t\t\t\t<\/div>\n\t\t\t\t<\/div>\n\t\t\t\t<div class=\"elementor-element elementor-element-0d733ba elementor-align-center elementor-mobile-align-center elementor-tablet-align-center elementor-widget elementor-widget-button\" data-id=\"0d733ba\" data-element_type=\"widget\" data-e-type=\"widget\" data-widget_type=\"button.default\">\n\t\t\t\t<div class=\"elementor-widget-container\">\n\t\t\t\t\t\t\t\t\t<div class=\"elementor-button-wrapper\">\n\t\t\t\t\t<a class=\"elementor-button elementor-button-link elementor-size-sm elementor-animation-grow\" href=\"https:\/\/theidia.org\/es\/?page_id=22\">\n\t\t\t\t\t\t<span class=\"elementor-button-content-wrapper\">\n\t\t\t\t\t\t\t\t\t<span class=\"elementor-button-text\">Ponerse en contacto<\/span>\n\t\t\t\t\t<\/span>\n\t\t\t\t\t<\/a>\n\t\t\t\t<\/div>\n\t\t\t\t\t\t\t\t<\/div>\n\t\t\t\t<\/div>\n\t\t\t\t\t<\/div>\n\t\t\t\t<\/div>\n\t\t\t\t<\/div>","protected":false},"excerpt":{"rendered":"<p>Telehealth ACCESS EXPANDING ACCESS TO HEALTHCARE THROUGH TELEHEALTH Telehealth makes medical care more convenient and affordable by allowing patients to connect with healthcare providers remotely. This is especially important in communities that lack access to transportation and medical facilities. People can access telehealth at every Hive and the Mobile Hive, connecting with healthcare providers in [&hellip;]<\/p>\n","protected":false},"author":5,"featured_media":0,"parent":23,"menu_order":0,"comment_status":"closed","ping_status":"closed","template":"","meta":{"footnotes":""},"class_list":["post-701","page","type-page","status-publish","hentry"],"featured_image_src":null,"featured_image_src_square":null,"_links":{"self":[{"href":"https:\/\/theidia.org\/es\/wp-json\/wp\/v2\/pages\/701","targetHints":{"allow":["GET"]}}],"collection":[{"href":"https:\/\/theidia.org\/es\/wp-json\/wp\/v2\/pages"}],"about":[{"href":"https:\/\/theidia.org\/es\/wp-json\/wp\/v2\/types\/page"}],"author":[{"embeddable":true,"href":"https:\/\/theidia.org\/es\/wp-json\/wp\/v2\/users\/5"}],"replies":[{"embeddable":true,"href":"https:\/\/theidia.org\/es\/wp-json\/wp\/v2\/comments?post=701"}],"version-history":[{"count":0,"href":"https:\/\/theidia.org\/es\/wp-json\/wp\/v2\/pages\/701\/revisions"}],"up":[{"embeddable":true,"href":"https:\/\/theidia.org\/es\/wp-json\/wp\/v2\/pages\/23"}],"wp:attachment":[{"href":"https:\/\/theidia.org\/es\/wp-json\/wp\/v2\/media?parent=701"}],"curies":[{"name":"wp","href":"https:\/\/api.w.org\/{rel}","templated":true}]}}